{"id":1259,"date":"2023-04-17T09:08:11","date_gmt":"2023-04-17T09:08:11","guid":{"rendered":"https:\/\/eagricola.com.br\/en\/?post_type=product&#038;p=1259"},"modified":"2023-04-24T23:35:59","modified_gmt":"2023-04-24T23:35:59","slug":"gnlp_fh-grade-niveladora-leve-com-pneus-flutuante-hidraulica","status":"publish","type":"product","link":"https:\/\/eagricola.com.br\/en\/produto\/gnlp_fh-grade-niveladora-leve-com-pneus-flutuante-hidraulica\/","title":{"rendered":"GNLP_FH &#8211; Grade Niveladora Leve com Pneus Flutuante Hidr\u00e1ulica"},"content":{"rendered":"<p>A Grade Niveladora Flutuante Leve com Pneus_Flutuante Hidr\u00e1ulica \u2013 GNLP_FH, foi desenvolvida para garantir o destorroamento, nivelamento e bom acabamento do ciclo de preparo de solo. Com discos recortados na se\u00e7\u00e3o dianteira e lisos na se\u00e7\u00e3o traseira (opcional). A articula\u00e7\u00e3o central nos chassis permite a flutua\u00e7\u00e3o para acompanhar as irregularidades do solo ou, at\u00e9 mesmo, realizar o acabamento em terra\u00e7os de base larga. Seu sistema de transporte \u00e9 acionado hidraulicamente, com isso facilita o deslocamento da grade pela propriedade. Este modelo oferece ampla regulagem para ajuste de \u00e2ngulo de corte da grade, com cilindro hidr\u00e1ulico ou mec\u00e2nico. Este conjunto de a\u00e7\u00f5es confere um melhor acabamento do solo.<\/p>\n","protected":false},"excerpt":{"rendered":"<p>A Grade Niveladora Flutuante Leve com Pneus_Flutuante Hidr\u00e1ulica \u2013 GNLP_FH, foi desenvolvida para garantir o destorroamento, nivelamento e bom acabamento do ciclo de preparo de solo. Com discos recortados na se\u00e7\u00e3o dianteira e lisos na se\u00e7\u00e3o traseira (opcional). A articula\u00e7\u00e3o central nos chassis permite a flutua\u00e7\u00e3o para acompanhar as irregularidades do solo ou, at\u00e9 mesmo, &hellip;<\/p>\n<p class=\"read-more\"> <a class=\"\" href=\"https:\/\/eagricola.com.br\/en\/produto\/gnlp_fh-grade-niveladora-leve-com-pneus-flutuante-hidraulica\/\"> <span class=\"screen-reader-text\">GNLP_FH &#8211; Grade Niveladora Leve com Pneus Flutuante Hidr\u00e1ulica<\/span> Read More &raquo;<\/a><\/p>\n","protected":false},"featured_media":1263,"comment_status":"open","ping_status":"closed","template":"","meta":{"_acf_changed":false,"site-sidebar-layout":"default","site-content-layout":"default","ast-global-header-display":"","ast-main-header-display":"","ast-hfb-above-header-display":"","ast-hfb-below-header-display":"","ast-hfb-mobile-header-display":"","site-post-title":"","ast-breadcrumbs-content":"","ast-featured-img":"","footer-sml-layout":"","theme-transparent-header-meta":"default","adv-header-id-meta":"","stick-header-meta":"","header-above-stick-meta":"","header-main-stick-meta":"","header-below-stick-meta":"","_joinchat":[]},"product_brand":[],"product_cat":[33,48],"product_tag":[],"class_list":{"0":"post-1259","1":"product","2":"type-product","3":"status-publish","4":"has-post-thumbnail","6":"product_cat-grades","7":"product_cat-niveladora","9":"first","10":"instock","11":"shipping-taxable","12":"product-type-simple"},"acf":[],"_links":{"self":[{"href":"https:\/\/eagricola.com.br\/en\/wp-json\/wp\/v2\/product\/1259","targetHints":{"allow":["GET"]}}],"collection":[{"href":"https:\/\/eagricola.com.br\/en\/wp-json\/wp\/v2\/product"}],"about":[{"href":"https:\/\/eagricola.com.br\/en\/wp-json\/wp\/v2\/types\/product"}],"replies":[{"embeddable":true,"href":"https:\/\/eagricola.com.br\/en\/wp-json\/wp\/v2\/comments?post=1259"}],"wp:featuredmedia":[{"embeddable":true,"href":"https:\/\/eagricola.com.br\/en\/wp-json\/wp\/v2\/media\/1263"}],"wp:attachment":[{"href":"https:\/\/eagricola.com.br\/en\/wp-json\/wp\/v2\/media?parent=1259"}],"wp:term":[{"taxonomy":"product_brand","embeddable":true,"href":"https:\/\/eagricola.com.br\/en\/wp-json\/wp\/v2\/product_brand?post=1259"},{"taxonomy":"product_cat","embeddable":true,"href":"https:\/\/eagricola.com.br\/en\/wp-json\/wp\/v2\/product_cat?post=1259"},{"taxonomy":"product_tag","embeddable":true,"href":"https:\/\/eagricola.com.br\/en\/wp-json\/wp\/v2\/product_tag?post=1259"}],"curies":[{"name":"wp","href":"https:\/\/api.w.org\/{rel}","templated":true}]}}